{"id":796,"date":"2024-10-16T13:01:20","date_gmt":"2024-10-16T13:01:20","guid":{"rendered":"https:\/\/wpriverthemes.com\/gixus\/?page_id=796"},"modified":"2025-08-26T23:09:57","modified_gmt":"2025-08-26T23:09:57","slug":"brand-design","status":"publish","type":"page","link":"https:\/\/firesolutionsbaja.com\/?page_id=796","title":{"rendered":"Mecanico"},"content":{"rendered":"\t\t<div data-elementor-type=\"wp-page\" data-elementor-id=\"796\" class=\"elementor elementor-796\">\n\t\t\t\t<div class=\"elementor-element elementor-element-d65a247 e-con-full e-flex e-con e-parent\" data-id=\"d65a247\" data-element_type=\"container\" data-e-type=\"container\">\n\t\t\t\t<div class=\"elementor-element elementor-element-5189d9c elementor-widget elementor-widget-service_details_widget\" data-id=\"5189d9c\" data-element_type=\"widget\" data-e-type=\"widget\" data-widget_type=\"service_details_widget.default\">\n\t\t\t\t<div class=\"elementor-widget-container\">\n\t\t\t\t\t        <div class=\"services-details-area default-padding\">\n            <div class=\"container\">\n                <div class=\"row\">\n                    <div class=\"col-lg-10 offset-lg-1\">\n                        <div class=\"site-heading text-center\">\n                            <h4 class=\"sub-title\">Servicios<\/h4>\n                            <h2 class=\"title\">Mec\u00e1nicos <\/h2>\n                        <\/div>\n                    <\/div>\n                <\/div>\n                <div class=\"services-details-items\">\n                    <div class=\"row\">\n                        <div class=\"col-xl-12 services-single-content\">\n                            <div class=\"thumb mb-50\">\n                                <img decoding=\"async\" src=\"http:\/\/firesolutionsbaja.com\/wp-content\/uploads\/2025\/08\/ma-01.jpg\" alt=\"Thumb\">\n                            <\/div>\n                            <p><p data-start=\"161\" data-end=\"829\">Adem\u00e1s de nuestras soluciones en <strong data-start=\"194\" data-end=\"245\">sistemas contra incendio y alarmas de detecci\u00f3n<\/strong>, contamos con un equipo especializado en <strong data-start=\"287\" data-end=\"321\">servicios mec\u00e1nicos integrales<\/strong> que complementan la operaci\u00f3n y confiabilidad de los sistemas de protecci\u00f3n. Realizamos trabajos de instalaci\u00f3n, ajuste, reparaci\u00f3n y mantenimiento en tuber\u00edas, v\u00e1lvulas, soportes estructurales, equipos de bombeo y tanques de almacenamiento, asegurando que cada componente mec\u00e1nico funcione de manera eficiente y segura. Estos servicios permiten prolongar la vida \u00fatil de los equipos, optimizar su rendimiento y garantizar que todo el sistema opere bajo los m\u00e1s altos est\u00e1ndares de calidad y normatividad.<\/p><\/p>\n                            <div class=\"process-style-one-items mt-50\">\n                                <div class=\"choose-us-one-thumb\">\n                                    <div class=\"content\">\n                                        <div class=\"left-info\">\n                                            <h2 class=\"title\"><\/h2>\n                                        <\/div>\n                                        <div class=\"process-style-one\">\n                                                                                            <div class=\"process-style-one-item wow fadeInRight\" data-wow-delay=\"0ms\">\n                                                    <span>0<\/span>\n                                                    <h4><\/h4>\n                                                    <p><\/p>\n                                                <\/div>\n                                                                                    <\/div>\n                                    <\/div>\n                                <\/div>\n                            <\/div>\n                        <\/div>\n                    <\/div>\n                <\/div>\n            <\/div>\n        <\/div>\n        \t\t\t\t<\/div>\n\t\t\t\t<\/div>\n\t\t\t\t<\/div>\n\t\t\t\t<\/div>\n\t\t","protected":false},"excerpt":{"rendered":"<p>Servicios Mec\u00e1nicos Adem\u00e1s de nuestras soluciones en sistemas contra incendio y alarmas de detecci\u00f3n, contamos con un equipo especializado en servicios mec\u00e1nicos integrales que complementan la operaci\u00f3n y confiabilidad de los sistemas de protecci\u00f3n. Realizamos trabajos de instalaci\u00f3n, ajuste, reparaci\u00f3n y mantenimiento en tuber\u00edas, v\u00e1lvulas, soportes estructurales, equipos de bombeo y tanques de almacenamiento, asegurando [&hellip;]<\/p>\n","protected":false},"author":1,"featured_media":0,"parent":0,"menu_order":0,"comment_status":"closed","ping_status":"closed","template":"page-templates\/home.php","meta":{"footnotes":""},"class_list":["post-796","page","type-page","status-publish","hentry"],"aioseo_notices":[],"_links":{"self":[{"href":"https:\/\/firesolutionsbaja.com\/index.php?rest_route=\/wp\/v2\/pages\/796","targetHints":{"allow":["GET"]}}],"collection":[{"href":"https:\/\/firesolutionsbaja.com\/index.php?rest_route=\/wp\/v2\/pages"}],"about":[{"href":"https:\/\/firesolutionsbaja.com\/index.php?rest_route=\/wp\/v2\/types\/page"}],"author":[{"embeddable":true,"href":"https:\/\/firesolutionsbaja.com\/index.php?rest_route=\/wp\/v2\/users\/1"}],"replies":[{"embeddable":true,"href":"https:\/\/firesolutionsbaja.com\/index.php?rest_route=%2Fwp%2Fv2%2Fcomments&post=796"}],"version-history":[{"count":8,"href":"https:\/\/firesolutionsbaja.com\/index.php?rest_route=\/wp\/v2\/pages\/796\/revisions"}],"predecessor-version":[{"id":2094,"href":"https:\/\/firesolutionsbaja.com\/index.php?rest_route=\/wp\/v2\/pages\/796\/revisions\/2094"}],"wp:attachment":[{"href":"https:\/\/firesolutionsbaja.com\/index.php?rest_route=%2Fwp%2Fv2%2Fmedia&parent=796"}],"curies":[{"name":"wp","href":"https:\/\/api.w.org\/{rel}","templated":true}]}}