{"id":646,"date":"2024-10-16T11:08:58","date_gmt":"2024-10-16T11:08:58","guid":{"rendered":"https:\/\/wpriverthemes.com\/gixus\/?page_id=646"},"modified":"2025-08-26T23:19:47","modified_gmt":"2025-08-26T23:19:47","slug":"business-analysis","status":"publish","type":"page","link":"https:\/\/firesolutionsbaja.com\/?page_id=646","title":{"rendered":"Hidraulico"},"content":{"rendered":"\t\t<div data-elementor-type=\"wp-page\" data-elementor-id=\"646\" class=\"elementor elementor-646\">\n\t\t\t\t<div class=\"elementor-element elementor-element-24d5a6e e-con-full e-flex e-con e-parent\" data-id=\"24d5a6e\" data-element_type=\"container\" data-e-type=\"container\">\n\t\t\t\t<div class=\"elementor-element elementor-element-81a95e1 elementor-widget elementor-widget-project_details\" data-id=\"81a95e1\" data-element_type=\"widget\" data-e-type=\"widget\" data-widget_type=\"project_details.default\">\n\t\t\t\t<div class=\"elementor-widget-container\">\n\t\t\t\t\t        <!-- Project Details Area -->\n        <div class=\"project-details-area default-padding\">\n            <div class=\"container\">\n                <div class=\"project-details-items\">\n                    <div class=\"project-thumb\">\n                        <div class=\"row\">\n                            <div class=\"col-md-7\">\n                                <img decoding=\"async\" src=\"http:\/\/firesolutionsbaja.com\/wp-content\/uploads\/2025\/08\/Sistema-contra-incendio-plantas-produccion.jpg\" alt=\"Image Not Found\">\n                            <\/div>\n                            <div class=\"col-md-5\">\n                                <img decoding=\"async\" src=\"http:\/\/firesolutionsbaja.com\/wp-content\/uploads\/2025\/08\/20170626170142.jpg\" alt=\"Image Not Found\">\n                            <\/div>\n                        <\/div>\n                    <\/div>\n                    <div class=\"top-info\">\n                        <div class=\"row\">\n                            <div class=\"col-xl-4 col-lg-5 order-lg-last right-info\">\n                                <div class=\"project-info\">\n                                    <h4 class=\"title\">Project Info<\/h4>\n                                    <ul>\n                                                                                    <li>Client <span>WordPressRiver Themes<\/span><\/li>\n                                                                                    <li>Date <span>25 February, 2022<\/span><\/li>\n                                                                                    <li>Address <span>1401, 21st Street STE R4569, California<\/span><\/li>\n                                                                            <\/ul>\n                                    <ul class=\"social\">\n                                                                                    <li>\n                                                <a href=\"#\">\n                                                    <i class=\"\"><\/i>\n                                                <\/a>\n                                            <\/li>\n                                                                            <\/ul>\n                                <\/div>\n                            <\/div>\n                            <div class=\"col-xl-8 col-lg-7 pr-35 pr-md-15 pr-xs-15 left-info mt-md-10\">\n                                <h2 class=\"title\">Servicios Hidraulicos<\/h2>\n                                <p>\n                                En nuestra empresa ofrecemos servicios hidr\u00e1ulicos especializados, dise\u00f1ados para complementar y garantizar la eficiencia de los sistemas contra incendio y de alarmas de detecci\u00f3n que implementamos. Contamos con un equipo altamente capacitado para ejecutar la instalaci\u00f3n, reparaci\u00f3n, mantenimiento y optimizaci\u00f3n de redes hidr\u00e1ulicas, incluyendo tuber\u00edas, v\u00e1lvulas, bombas, tanques de almacenamiento y accesorios relacionados. Cada intervenci\u00f3n se realiza con base en est\u00e1ndares de seguridad y normativas vigentes, asegurando un flujo constante y confiable de agua para la operaci\u00f3n de los sistemas de protecci\u00f3n.\n\nNuestros servicios hidr\u00e1ulicos abarcan desde proyectos completos de instalaci\u00f3n de redes, hasta mantenimientos preventivos y correctivos que prolongan la vida \u00fatil de los equipos y previenen fallas inesperadas. Adem\u00e1s, realizamos inspecciones y pruebas peri\u00f3dicas para verificar presiones, caudales y funcionamiento de cada componente, garantizando que el sistema responda eficazmente en caso de emergencia. Con estas soluciones, ayudamos a nuestros clientes a mantener la integridad de sus instalaciones, proteger vidas y asegurar la continuidad de sus operaciones, ofreciendo un servicio integral que combina calidad, confiabilidad y cumplimiento normativo.                            <\/p>\n                            <p>\n                                                            <\/p>\n                            <\/div>\n                        <\/div>\n                    <\/div>\n\n                    <!-- Challenges Section -->\n                    <div class=\"project-details-items bg-gray default-padding mt-100 mt-xs-40\">\n                        <div class=\"item-grid-container\">\n                                                            <div class=\"single-grid\">\n                                    <div class=\"item-grid-colum\">\n                                        <div class=\"left-info\">\n                                            <h2><\/h2>\n                                        <\/div>\n                                        <div class=\"right-info\">\n                                            <p><\/p>\n                                            <p><\/p>\n                                                                                                                                                                            <\/div>\n                                    <\/div>\n                                <\/div>\n                                                    <\/div>\n                    <\/div>\n                <\/div>\n            <\/div>\n        <\/div>\n        <!-- End Project Details Area -->\n        \t\t\t\t<\/div>\n\t\t\t\t<\/div>\n\t\t\t\t<\/div>\n\t\t\t\t<\/div>\n\t\t","protected":false},"excerpt":{"rendered":"<p>Project Info Client WordPressRiver Themes Date 25 February, 2022 Address 1401, 21st Street STE R4569, California Servicios Hidraulicos En nuestra empresa ofrecemos servicios hidr\u00e1ulicos especializados, dise\u00f1ados para complementar y garantizar la eficiencia de los sistemas contra incendio y de alarmas de detecci\u00f3n que implementamos. Contamos con un equipo altamente capacitado para ejecutar la instalaci\u00f3n, reparaci\u00f3n, [&hellip;]<\/p>\n","protected":false},"author":1,"featured_media":0,"parent":0,"menu_order":0,"comment_status":"closed","ping_status":"closed","template":"page-templates\/home.php","meta":{"footnotes":""},"class_list":["post-646","page","type-page","status-publish","hentry"],"aioseo_notices":[],"_links":{"self":[{"href":"https:\/\/firesolutionsbaja.com\/index.php?rest_route=\/wp\/v2\/pages\/646","targetHints":{"allow":["GET"]}}],"collection":[{"href":"https:\/\/firesolutionsbaja.com\/index.php?rest_route=\/wp\/v2\/pages"}],"about":[{"href":"https:\/\/firesolutionsbaja.com\/index.php?rest_route=\/wp\/v2\/types\/page"}],"author":[{"embeddable":true,"href":"https:\/\/firesolutionsbaja.com\/index.php?rest_route=\/wp\/v2\/users\/1"}],"replies":[{"embeddable":true,"href":"https:\/\/firesolutionsbaja.com\/index.php?rest_route=%2Fwp%2Fv2%2Fcomments&post=646"}],"version-history":[{"count":11,"href":"https:\/\/firesolutionsbaja.com\/index.php?rest_route=\/wp\/v2\/pages\/646\/revisions"}],"predecessor-version":[{"id":2105,"href":"https:\/\/firesolutionsbaja.com\/index.php?rest_route=\/wp\/v2\/pages\/646\/revisions\/2105"}],"wp:attachment":[{"href":"https:\/\/firesolutionsbaja.com\/index.php?rest_route=%2Fwp%2Fv2%2Fmedia&parent=646"}],"curies":[{"name":"wp","href":"https:\/\/api.w.org\/{rel}","templated":true}]}}