{"id":596,"date":"2024-10-16T10:51:35","date_gmt":"2024-10-16T10:51:35","guid":{"rendered":"https:\/\/wpriverthemes.com\/gixus\/?page_id=596"},"modified":"2025-09-03T15:56:36","modified_gmt":"2025-09-03T15:56:36","slug":"equipos-de-bombeo","status":"publish","type":"page","link":"https:\/\/firesolutionsbaja.com\/?page_id=596","title":{"rendered":"Sistemas Contra Incendios 2"},"content":{"rendered":"\t\t<div data-elementor-type=\"wp-page\" data-elementor-id=\"596\" class=\"elementor elementor-596\">\n\t\t\t\t<div class=\"elementor-element elementor-element-24d5a6e e-con-full e-flex e-con e-parent\" data-id=\"24d5a6e\" data-element_type=\"container\" data-e-type=\"container\">\n\t\t\t\t<div class=\"elementor-element elementor-element-81a95e1 elementor-widget elementor-widget-project_details\" data-id=\"81a95e1\" data-element_type=\"widget\" data-e-type=\"widget\" data-widget_type=\"project_details.default\">\n\t\t\t\t<div class=\"elementor-widget-container\">\n\t\t\t\t\t        <!-- Project Details Area -->\n        <div class=\"project-details-area default-padding\">\n            <div class=\"container\">\n                <div class=\"project-details-items\">\n                    <div class=\"project-thumb\">\n                        <div class=\"row\">\n                            <div class=\"col-md-7\">\n                                <img decoding=\"async\" src=\"http:\/\/firesolutionsbaja.com\/wp-content\/uploads\/2025\/08\/foto-partes-incendio-web-1.png\" alt=\"Image Not Found\">\n                            <\/div>\n                            <div class=\"col-md-5\">\n                                <img decoding=\"async\" src=\"http:\/\/firesolutionsbaja.com\/wp-content\/uploads\/2025\/08\/nfpa_logo-1.jpg\" alt=\"Image Not Found\">\n                            <\/div>\n                        <\/div>\n                    <\/div>\n                    <div class=\"top-info\">\n                        <div class=\"row\">\n                            <div class=\"col-xl-4 col-lg-5 order-lg-last right-info\">\n                                <div class=\"project-info\">\n                                    <h4 class=\"title\">Project Info<\/h4>\n                                    <ul>\n                                                                                    <li>Client <span>WordPressRiver Themes<\/span><\/li>\n                                                                                    <li>Date <span>25 February, 2022<\/span><\/li>\n                                                                                    <li>Address <span>1401, 21st Street STE R4569, California<\/span><\/li>\n                                                                            <\/ul>\n                                    <ul class=\"social\">\n                                                                                    <li>\n                                                <a href=\"#\">\n                                                    <i class=\"fab fa-facebook-f\"><\/i>\n                                                <\/a>\n                                            <\/li>\n                                                                                    <li>\n                                                <a href=\"#\">\n                                                    <i class=\"fab fa-twitter\"><\/i>\n                                                <\/a>\n                                            <\/li>\n                                                                                    <li>\n                                                <a href=\"#\">\n                                                    <i class=\"fab fa-linkedin-in\"><\/i>\n                                                <\/a>\n                                            <\/li>\n                                                                                    <li>\n                                                <a href=\"#\">\n                                                    <i class=\"fab fa-pinterest-p\"><\/i>\n                                                <\/a>\n                                            <\/li>\n                                                                            <\/ul>\n                                <\/div>\n                            <\/div>\n                            <div class=\"col-xl-8 col-lg-7 pr-35 pr-md-15 pr-xs-15 left-info mt-md-10\">\n                                <h2 class=\"title\">Sistemas Contra Incendio<\/h2>\n                                <p>\n                                Los sistemas de detecci\u00f3n y alarma contra incendios son soluciones autom\u00e1ticas y manuales dise\u00f1adas con una tecnolog\u00eda cada vez m\u00e1s avanzada, cuyo objetivo principal es garantizar una evacuaci\u00f3n oportuna y segura de los ocupantes de un inmueble. Dada su relevancia, estos sistemas deben ser dise\u00f1ados, instalados, probados e inspeccionados siguiendo los c\u00f3digos y normativas aplicables a cada proyecto en particular.                            <\/p>\n                            <p>\n                                Nuestra empresa se especializa en ofrecer soluciones integrales en sistemas contra incendio y alarmas de detecci\u00f3n, siendo esta nuestra principal actividad y raz\u00f3n de ser. Conscientes de la importancia vital que representa la prevenci\u00f3n y protecci\u00f3n en todo tipo de instalaciones, hemos desarrollado un portafolio de servicios orientado a garantizar la seguridad de las personas, la continuidad de las operaciones y la preservaci\u00f3n del patrimonio. A trav\u00e9s de la incorporaci\u00f3n de tecnolog\u00eda de vanguardia, cumplimiento estricto de normativas nacionales e internacionales y un equipo de profesionales altamente capacitados, dise\u00f1amos, instalamos y mantenemos sistemas que responden de manera eficaz ante cualquier eventualidad. Nuestro compromiso es brindar a cada cliente la tranquilidad de contar con una empresa confiable, respaldada por experiencia, innovaci\u00f3n y un enfoque permanente en la calidad, que convierte la seguridad en una inversi\u00f3n estrat\u00e9gica para el futuro.                            <\/p>\n                            <\/div>\n                        <\/div>\n                    <\/div>\n\n                    <!-- Challenges Section -->\n                    <div class=\"project-details-items bg-gray default-padding mt-100 mt-xs-40\">\n                        <div class=\"item-grid-container\">\n                                                            <div class=\"single-grid\">\n                                    <div class=\"item-grid-colum\">\n                                        <div class=\"left-info\">\n                                            <h2>Los sistemas de detecci\u00f3n y alarma contra incendios<\/h2>\n                                        <\/div>\n                                        <div class=\"right-info\">\n                                            <p>Son herramientas autom\u00e1ticas y manuales que emplean tecnolog\u00eda de vanguardia para detectar un incendio en su fase inicial y alertar de inmediato a los ocupantes de la edificaci\u00f3n, facilitando una evacuaci\u00f3n segura y r\u00e1pida.<\/p>\n                                            <p><\/p>\n                                                                                        <h3>Estos sistemas est\u00e1n conformados <\/h3>\n                                                                                                                                    <ul class=\"list-style-two\">\n                                                    <li>Por dispositivos iniciadores<\/li><li>Supervisores e indicadores de alarma<\/li><li>Distribuidos de acuerdo con las normas aplicables y las recomendaciones del fabricante<\/li><li>Su funci\u00f3n es supervisar el estado del sistema<\/li><li>notificar condiciones de alarma y reportar cualquier falla al panel de control<\/li><li>Emite se\u00f1ales visuales y audibles para activar la respuesta correspondiente.<\/li>                                                <\/ul>\n                                                                                                                                <\/div>\n                                    <\/div>\n                                <\/div>\n                                                            <div class=\"single-grid\">\n                                    <div class=\"item-grid-colum\">\n                                        <div class=\"left-info\">\n                                            <h2>La interconexi\u00f3n<\/h2>\n                                        <\/div>\n                                        <div class=\"right-info\">\n                                            <p> se realiza mediante tres tipos de circuitos: SLC (se\u00f1alizaci\u00f3n), IDC (iniciaci\u00f3n) y NAC (notificaci\u00f3n). Todos los dispositivos permanecen bajo supervisi\u00f3n constante, y cualquier aver\u00eda es reportada de inmediato en el tablero central, garantizando as\u00ed la confiabilidad del sistema.<\/p>\n                                            <p><\/p>\n                                                                                                                                                                            <\/div>\n                                    <\/div>\n                                <\/div>\n                                                    <\/div>\n                    <\/div>\n                <\/div>\n            <\/div>\n        <\/div>\n        <!-- End Project Details Area -->\n        \t\t\t\t<\/div>\n\t\t\t\t<\/div>\n\t\t\t\t<\/div>\n\t\t\t\t<\/div>\n\t\t","protected":false},"excerpt":{"rendered":"<p>Project Info Client WordPressRiver Themes Date 25 February, 2022 Address 1401, 21st Street STE R4569, California Sistemas Contra Incendio Los sistemas de detecci\u00f3n y alarma contra incendios son soluciones autom\u00e1ticas y manuales dise\u00f1adas con una tecnolog\u00eda cada vez m\u00e1s avanzada, cuyo objetivo principal es garantizar una evacuaci\u00f3n oportuna y segura de los ocupantes de un [&hellip;]<\/p>\n","protected":false},"author":1,"featured_media":0,"parent":0,"menu_order":0,"comment_status":"closed","ping_status":"closed","template":"page-templates\/home.php","meta":{"footnotes":""},"class_list":["post-596","page","type-page","status-publish","hentry"],"aioseo_notices":[],"_links":{"self":[{"href":"https:\/\/firesolutionsbaja.com\/index.php?rest_route=\/wp\/v2\/pages\/596","targetHints":{"allow":["GET"]}}],"collection":[{"href":"https:\/\/firesolutionsbaja.com\/index.php?rest_route=\/wp\/v2\/pages"}],"about":[{"href":"https:\/\/firesolutionsbaja.com\/index.php?rest_route=\/wp\/v2\/types\/page"}],"author":[{"embeddable":true,"href":"https:\/\/firesolutionsbaja.com\/index.php?rest_route=\/wp\/v2\/users\/1"}],"replies":[{"embeddable":true,"href":"https:\/\/firesolutionsbaja.com\/index.php?rest_route=%2Fwp%2Fv2%2Fcomments&post=596"}],"version-history":[{"count":17,"href":"https:\/\/firesolutionsbaja.com\/index.php?rest_route=\/wp\/v2\/pages\/596\/revisions"}],"predecessor-version":[{"id":2155,"href":"https:\/\/firesolutionsbaja.com\/index.php?rest_route=\/wp\/v2\/pages\/596\/revisions\/2155"}],"wp:attachment":[{"href":"https:\/\/firesolutionsbaja.com\/index.php?rest_route=%2Fwp%2Fv2%2Fmedia&parent=596"}],"curies":[{"name":"wp","href":"https:\/\/api.w.org\/{rel}","templated":true}]}}