{"id":396,"date":"2024-10-16T05:24:59","date_gmt":"2024-10-16T05:24:59","guid":{"rendered":"https:\/\/wpriverthemes.com\/gixus\/?page_id=396"},"modified":"2025-08-26T23:41:27","modified_gmt":"2025-08-26T23:41:27","slug":"about-us","status":"publish","type":"page","link":"https:\/\/firesolutionsbaja.com\/?page_id=396","title":{"rendered":"Quienes Somos"},"content":{"rendered":"\t\t<div data-elementor-type=\"wp-page\" data-elementor-id=\"396\" class=\"elementor elementor-396\">\n\t\t\t\t<div class=\"elementor-element elementor-element-e323477 e-con-full e-flex e-con e-parent\" data-id=\"e323477\" data-element_type=\"container\" data-e-type=\"container\">\n\t\t\t\t<div class=\"elementor-element elementor-element-20ebe64 elementor-widget elementor-widget-home1_about\" data-id=\"20ebe64\" data-element_type=\"widget\" data-e-type=\"widget\" data-widget_type=\"home1_about.default\">\n\t\t\t\t<div class=\"elementor-widget-container\">\n\t\t\t\t\t                <div class=\"about-style-one-area shape-less default-padding\">\n                    <div class=\"container\">\n                <div class=\"about-style-one-items\">\n                    <div class=\"row\">\n                        <div class=\"col-xl-7 col-lg-6\">\n                            <div class=\"thumb-style-one\">\n                                <img decoding=\"async\" src=\"https:\/\/firesolutionsbaja.com\/wp-content\/themes\/gixus\/assets\/img\/about\/1.jpg\" alt=\"Image Not Found\">\n\t\t\t\t\t\t\t\t                                <a href=\"https:\/\/www.youtube.com\/watch?v=aTC_RNYtEb0\" class=\"popup-youtube video-play-button\"><i class=\"fas fa-play\"><\/i><\/a>\n\t\t\t\t\t\t\t\t                            <\/div>\n                        <\/div>\n                        <div class=\"col-xl-5 col-lg-6 pl-50 pl-md-15 pl-xs-15\">\n                            <div class=\"about-style-one-info\">\n                                <div class=\"content\">\n                                    <h2 class=\"title split-text\">Qui\u00e9nes Somos<\/h2>\n                                    <p><p data-start=\"174\" data-end=\"580\">Somos una empresa especializada en <strong data-start=\"209\" data-end=\"260\">sistemas contra incendio y alarmas de detecci\u00f3n<\/strong>, comprometida con la protecci\u00f3n de vidas y bienes. Contamos con un equipo de profesionales altamente capacitados y tecnolog\u00eda de vanguardia, ofreciendo soluciones integrales que incluyen dise\u00f1o, instalaci\u00f3n, mantenimiento y supervisi\u00f3n de sistemas confiables y eficientes, adaptados a las necesidades de cada cliente.<\/p><\/p>\n                                <\/div>\n                                <ul class=\"card-list\">\n                                                                            <li class=\"wow fadeInUp\">\n                                                                                            <img decoding=\"async\" src=\"https:\/\/wpriverthemes.com\/gixus\/wp-content\/themes\/gixus\/assets\/img\/icon\/4.png\" alt=\"Image Not Found\">\n                                            \t\t\t\t\t\t\t\t\t\t\t                                            <h5>Award Winning Company<\/h5>\n                                        <\/li>\n                                                                            <li class=\"wow fadeInUp\">\n                                            \t\t\t\t\t\t\t\t\t\t\t\t\t\t\t\t\t\t\t\t\t\t<h2>3.8 X<\/h2>\n\t\t\t\t\t\t\t\t\t\t\t                                            <h5>Economical Growth<\/h5>\n                                        <\/li>\n                                                                    <\/ul>\n                            <\/div>\n                        <\/div>\n                    <\/div>\n                <\/div>\n            <\/div>\n        <\/div>\n        \t\t\t\t<\/div>\n\t\t\t\t<\/div>\n\t\t\t\t<\/div>\n\t\t<div class=\"elementor-element elementor-element-6385070 e-con-full e-flex e-con e-parent\" data-id=\"6385070\" data-element_type=\"container\" data-e-type=\"container\">\n\t\t\t\t<div class=\"elementor-element elementor-element-034987d elementor-widget elementor-widget-home1_choose\" data-id=\"034987d\" data-element_type=\"widget\" data-e-type=\"widget\" data-widget_type=\"home1_choose.default\">\n\t\t\t\t<div class=\"elementor-widget-container\">\n\t\t\t\t\t        <div class=\"choose-us-style-one-area overflow-hidden default-padding-top bg-gray\">\n            <div class=\"container\">\n                <div class=\"heading-left\">\n                    <div class=\"row\">\n                        <div class=\"col-lg-5 offset-lg-1\">\n                            <div class=\"experience-style-one\">\n                                <h2><strong>12<\/strong> A\u00f1o de experiencia <\/h2>\n                            <\/div>\n                        <\/div>\n                        <div class=\"col-lg-5 offset-lg-1\">\n                            <div class=\"circle-progress\">\n                                                                    <div class=\"progressbar\">\n                                        <div class=\"circle\" data-percent=\"65\">\n                                            <strong><\/strong>\n                                        <\/div>\n                                        <h4>Business Development<\/h4>\n                                    <\/div>\n                                                                    <div class=\"progressbar\">\n                                        <div class=\"circle\" data-percent=\"84\">\n                                            <strong><\/strong>\n                                        <\/div>\n                                        <h4>Investment Analysis<\/h4>\n                                    <\/div>\n                                                            <\/div>\n                        <\/div>\n                    <\/div>\n                <\/div>\n            <\/div>\n            <div class=\"container container-stage\">\n                <div class=\"choose-us-one-thumb\">\n                    <div class=\"content\">\n                        <div class=\"left-info\">\n                            <h2 class=\"title split-text\">Fire Solutions<\/h2>\n                        <\/div>\n                        <div class=\"process-style-one\">\n                                \t\t\t\t\t\t<div class=\"process-style-one-item wow fadeInRight\" data-wow-delay=\"0ms\">\n                                    <span>01<\/span>\n                                    <h4>Mision<\/h4>\n                                    <p>Nuestra misi\u00f3n es proteger vidas y patrimonio mediante el suministro de sistemas contra incendio y alarmas de detecci\u00f3n de alta calidad, garantizando que cada proyecto cumpla con los m\u00e1s estrictos est\u00e1ndares de seguridad y normativas vigentes. Nos enfocamos en ofrecer soluciones confiables, innovadoras y efectivas que brinden tranquilidad a nuestros clientes en todo momento.<\/p>\n                                <\/div>\n                                \t\t\t\t\t\t<div class=\"process-style-one-item wow fadeInRight\" data-wow-delay=\"200ms\">\n                                    <span>02<\/span>\n                                    <h4>Vision<\/h4>\n                                    <p>Ser reconocidos como l\u00edderes en seguridad y prevenci\u00f3n contra incendios, ofreciendo servicios y tecnolog\u00eda avanzada que aseguren la protecci\u00f3n de las personas y el patrimonio de nuestros clientes. Aspiramos a consolidarnos como referente nacional e internacional, destacando por la excelencia, confiabilidad y compromiso con la seguridad en cada proyecto.<\/p>\n                                <\/div>\n                                \t\t\t\t\t\t<div class=\"process-style-one-item wow fadeInRight\" data-wow-delay=\"400ms\">\n                                    <span>03<\/span>\n                                    <h4>Valores<\/h4>\n                                    <p>Nuestros valores fundamentales son: responsabilidad, excelencia, innovaci\u00f3n, compromiso con la seguridad y \u00e9tica profesional. Estos principios gu\u00edan cada acci\u00f3n de nuestra empresa, asegurando que los sistemas que instalamos y mantenemos operen de manera eficiente, confiable y segura, generando confianza y satisfacci\u00f3n en nuestros clientes.<\/p>\n                                <\/div>\n                                                    <\/div>\n                    <\/div>\n                <\/div>\n            <\/div>\n        <\/div>\n        \t\t\t\t<\/div>\n\t\t\t\t<\/div>\n\t\t\t\t<\/div>\n\t\t<div class=\"elementor-element elementor-element-09011ac e-con-full e-flex e-con e-parent\" data-id=\"09011ac\" data-element_type=\"container\" data-e-type=\"container\">\n\t\t\t\t<div class=\"elementor-element elementor-element-bf6a2a9 elementor-widget elementor-widget-pages_testimonial_section\" data-id=\"bf6a2a9\" data-element_type=\"widget\" data-e-type=\"widget\" data-widget_type=\"pages_testimonial_section.default\">\n\t\t\t\t<div class=\"elementor-widget-container\">\n\t\t\t\t\t        <!-- Start Testimonials \n        ============================================= -->\n        <div class=\"testimonial-style-two-area default-padding bg-cover\" style=\"background-image: url(https:\/\/firesolutionsbaja.com\/wp-content\/themes\/gixus\/assets\/img\/shape\/3.jpg);\">\n            <div class=\"container\">\n                <div class=\"row\">\n                    <div class=\"col-lg-4\">\n                        <div class=\"testimonial-two-info\">\n                                                        <div class=\"icon\">\n                                <img decoding=\"async\" src=\"https:\/\/firesolutionsbaja.com\/wp-content\/themes\/gixus\/assets\/img\/quote.png\" alt=\"Icon\">\n                            <\/div>\n                                                        <h2 class=\"split-text\">Over 50K clients and 5,000 projects across the globe.<\/h2>\n                            <div class=\"review-card\">\n                                <h6>Excellent 18,560+ Reviews<\/h6>\n                                <div class=\"d-flex\">\n                                    <div class=\"icon\">\n                                                                                        <i class=\"fas fa-star\"><\/i>\n                                                                                        <i class=\"fas fa-star\"><\/i>\n                                                                                        <i class=\"fas fa-star\"><\/i>\n                                                                                        <i class=\"fas fa-star\"><\/i>\n                                                                                        <i class=\"fas fa-star\"><\/i>\n                                                                            <\/div>\n                                    <span>4.8\/5<\/span>\n                                <\/div>\n                            <\/div>\n                        <\/div>\n                    <\/div>\n                    <div class=\"col-lg-8 pl-60 pl-md-15 pl-xs-15\">\n                        <div class=\"testimonial-style-two-carousel swiper\">\n                            <!-- Additional required wrapper -->\n                            <div class=\"swiper-wrapper\">\n                                                                    <!-- Single item -->\n                                    <div class=\"swiper-slide\">\n                                        <div class=\"testimonial-style-two\">\n                                            <div class=\"item\">\n                                                <div class=\"text-info\">\n                                                    <p>\u201cTargeting consultation apartments. ndulgence creative under folly death wrote cause her way spite. Plan upon yet way get cold spot its week.&quot;<\/p>\n                                                <\/div>\n                                                <div class=\"content\">\n                                                    <div class=\"thumb\">\n                                                        <img decoding=\"async\" src=\"https:\/\/wpriverthemes.com\/gixus\/wp-content\/themes\/gixus\/assets\/img\/team\/v1.jpg\" alt=\"Author Image\">\n                                                    <\/div>\n                                                    <div class=\"info\">\n                                                        <h4>Matthew J. Wyman<\/h4>\n                                                        <span>Senior Consultant<\/span>\n                                                    <\/div>\n                                                <\/div>\n                                            <\/div>\n                                        <\/div>\n                                    <\/div>\n                                    <!-- End Single item -->\n                                                                    <!-- Single item -->\n                                    <div class=\"swiper-slide\">\n                                        <div class=\"testimonial-style-two\">\n                                            <div class=\"item\">\n                                                <div class=\"text-info\">\n                                                    <p>\u201cConsultation discover apartments. ndulgence off under folly death wrote cause her way spite. Plan upon yet way get cold spot its week.&quot;<\/p>\n                                                <\/div>\n                                                <div class=\"content\">\n                                                    <div class=\"thumb\">\n                                                        <img decoding=\"async\" src=\"https:\/\/wpriverthemes.com\/gixus\/wp-content\/themes\/gixus\/assets\/img\/team\/v2.jpg\" alt=\"Author Image\">\n                                                    <\/div>\n                                                    <div class=\"info\">\n                                                        <h4>Anthom Bu Spar<\/h4>\n                                                        <span>Marketing Manager<\/span>\n                                                    <\/div>\n                                                <\/div>\n                                            <\/div>\n                                        <\/div>\n                                    <\/div>\n                                    <!-- End Single item -->\n                                                            <\/div>\n                        <\/div>\n                    <\/div>\n                <\/div>\n            <\/div>\n        <\/div>\n        <!-- End Testimonials -->\n        \t\t\t\t<\/div>\n\t\t\t\t<\/div>\n\t\t\t\t<\/div>\n\t\t\t\t<\/div>\n\t\t","protected":false},"excerpt":{"rendered":"<p>Qui\u00e9nes Somos Somos una empresa especializada en sistemas contra incendio y alarmas de detecci\u00f3n, comprometida con la protecci\u00f3n de vidas y bienes. Contamos con un equipo de profesionales altamente capacitados y tecnolog\u00eda de vanguardia, ofreciendo soluciones integrales que incluyen dise\u00f1o, instalaci\u00f3n, mantenimiento y supervisi\u00f3n de sistemas confiables y eficientes, adaptados a las necesidades de cada [&hellip;]<\/p>\n","protected":false},"author":1,"featured_media":0,"parent":0,"menu_order":0,"comment_status":"closed","ping_status":"closed","template":"page-templates\/home.php","meta":{"footnotes":""},"class_list":["post-396","page","type-page","status-publish","hentry"],"aioseo_notices":[],"_links":{"self":[{"href":"https:\/\/firesolutionsbaja.com\/index.php?rest_route=\/wp\/v2\/pages\/396","targetHints":{"allow":["GET"]}}],"collection":[{"href":"https:\/\/firesolutionsbaja.com\/index.php?rest_route=\/wp\/v2\/pages"}],"about":[{"href":"https:\/\/firesolutionsbaja.com\/index.php?rest_route=\/wp\/v2\/types\/page"}],"author":[{"embeddable":true,"href":"https:\/\/firesolutionsbaja.com\/index.php?rest_route=\/wp\/v2\/users\/1"}],"replies":[{"embeddable":true,"href":"https:\/\/firesolutionsbaja.com\/index.php?rest_route=%2Fwp%2Fv2%2Fcomments&post=396"}],"version-history":[{"count":9,"href":"https:\/\/firesolutionsbaja.com\/index.php?rest_route=\/wp\/v2\/pages\/396\/revisions"}],"predecessor-version":[{"id":2122,"href":"https:\/\/firesolutionsbaja.com\/index.php?rest_route=\/wp\/v2\/pages\/396\/revisions\/2122"}],"wp:attachment":[{"href":"https:\/\/firesolutionsbaja.com\/index.php?rest_route=%2Fwp%2Fv2%2Fmedia&parent=396"}],"curies":[{"name":"wp","href":"https:\/\/api.w.org\/{rel}","templated":true}]}}