{"id":235,"date":"2024-10-15T12:15:00","date_gmt":"2024-10-15T12:15:00","guid":{"rendered":"https:\/\/wpriverthemes.com\/gixus\/?page_id=235"},"modified":"2025-08-29T19:40:41","modified_gmt":"2025-08-29T19:40:41","slug":"digital-business-planning","status":"publish","type":"page","link":"https:\/\/firesolutionsbaja.com\/?page_id=235","title":{"rendered":"Digital business planning"},"content":{"rendered":"\t\t<div data-elementor-type=\"wp-page\" data-elementor-id=\"235\" class=\"elementor elementor-235\">\n\t\t\t\t<div class=\"elementor-element elementor-element-24d5a6e e-con-full e-flex e-con e-parent\" data-id=\"24d5a6e\" data-element_type=\"container\" data-e-type=\"container\">\n\t\t\t\t<div class=\"elementor-element elementor-element-81a95e1 elementor-widget elementor-widget-project_details\" data-id=\"81a95e1\" data-element_type=\"widget\" data-e-type=\"widget\" data-widget_type=\"project_details.default\">\n\t\t\t\t<div class=\"elementor-widget-container\">\n\t\t\t\t\t        <!-- Project Details Area -->\n        <div class=\"project-details-area default-padding\">\n            <div class=\"container\">\n                <div class=\"project-details-items\">\n                    <div class=\"project-thumb\">\n                        <div class=\"row\">\n                            <div class=\"col-md-7\">\n                                <img decoding=\"async\" src=\"http:\/\/firesolutionsbaja.com\/wp-content\/uploads\/2025\/08\/images-1.jpg\" alt=\"Image Not Found\">\n                            <\/div>\n                            <div class=\"col-md-5\">\n                                <img decoding=\"async\" src=\"http:\/\/firesolutionsbaja.com\/wp-content\/uploads\/2025\/08\/Screenshot_6.png\" alt=\"Image Not Found\">\n                            <\/div>\n                        <\/div>\n                    <\/div>\n                    <div class=\"top-info\">\n                        <div class=\"row\">\n                            <div class=\"col-xl-4 col-lg-5 order-lg-last right-info\">\n                                <div class=\"project-info\">\n                                    <h4 class=\"title\">Project Info<\/h4>\n                                    <ul>\n                                                                                    <li>Address <span>1401, 21st Street STE R4569, California<\/span><\/li>\n                                                                            <\/ul>\n                                    <ul class=\"social\">\n                                                                                    <li>\n                                                <a href=\"#\">\n                                                    <i class=\"fab fa-pinterest-p\"><\/i>\n                                                <\/a>\n                                            <\/li>\n                                                                            <\/ul>\n                                <\/div>\n                            <\/div>\n                            <div class=\"col-xl-8 col-lg-7 pr-35 pr-md-15 pr-xs-15 left-info mt-md-10\">\n                                <h2 class=\"title\">Los sistemas de alarma y detecci\u00f3n de incendios<\/h2>\n                                <p>\n                                constituyen un elemento fundamental dentro de cualquier estrategia integral de seguridad contra siniestros. Su funci\u00f3n principal es identificar de manera temprana la presencia de humo, calor, gases combustibles o llamas, permitiendo activar de forma autom\u00e1tica las alarmas audibles y visibles que alertan a los ocupantes y al personal de seguridad sobre la posible emergencia. Estos sistemas est\u00e1n dise\u00f1ados bajo normativas internacionales como la NFPA 72 y est\u00e1ndares locales, lo que garantiza un desempe\u00f1o confiable y la adecuada integraci\u00f3n con otros subsistemas de protecci\u00f3n contra incendios, tales como rociadores autom\u00e1ticos, equipos de bombeo o sistemas de supresi\u00f3n.                            <\/p>\n                            <p>\n                                La correcta implementaci\u00f3n de un sistema de detecci\u00f3n no solo radica en el uso de sensores avanzados \u2014detectores de humo, detectores t\u00e9rmicos, detectores de flama o detectores de gases\u2014, sino tambi\u00e9n en un dise\u00f1o especializado que considere la distribuci\u00f3n del riesgo, la ocupaci\u00f3n del inmueble y los tiempos de respuesta necesarios. A trav\u00e9s de paneles de control inteligentes, los sistemas permiten supervisar en tiempo real cada zona protegida, registrar eventos y generar notificaciones autom\u00e1ticas hacia los responsables de la seguridad, centros de monitoreo o cuerpos de emergencia.                            <\/p>\n                            <\/div>\n                        <\/div>\n                    <\/div>\n\n                    <!-- Challenges Section -->\n                    <div class=\"project-details-items bg-gray default-padding mt-100 mt-xs-40\">\n                        <div class=\"item-grid-container\">\n                                                            <div class=\"single-grid\">\n                                    <div class=\"item-grid-colum\">\n                                        <div class=\"left-info\">\n                                            <h2>Importancia de estar bien dise\u00f1ado<\/h2>\n                                        <\/div>\n                                        <div class=\"right-info\">\n                                            <p>Un sistema de alarma y detecci\u00f3n bien dise\u00f1ado y mantenido no solo cumple con los requerimientos normativos, sino que garantiza la protecci\u00f3n de vidas humanas, la preservaci\u00f3n de los bienes materiales y la continuidad operativa de las instalaciones. <\/p>\n                                            <p>Por ello, resulta indispensable que su dise\u00f1o, instalaci\u00f3n y mantenimiento sean realizados por especialistas certificados, capaces de ofrecer soluciones adaptadas a las necesidades espec\u00edficas de cada proyecto.<\/p>\n                                                                                                                                                                            <\/div>\n                                    <\/div>\n                                <\/div>\n                                                    <\/div>\n                    <\/div>\n                <\/div>\n            <\/div>\n        <\/div>\n        <!-- End Project Details Area -->\n        \t\t\t\t<\/div>\n\t\t\t\t<\/div>\n\t\t\t\t<\/div>\n\t\t\t\t<\/div>\n\t\t","protected":false},"excerpt":{"rendered":"<p>Project Info Address 1401, 21st Street STE R4569, California Los sistemas de alarma y detecci\u00f3n de incendios constituyen un elemento fundamental dentro de cualquier estrategia integral de seguridad contra siniestros. Su funci\u00f3n principal es identificar de manera temprana la presencia de humo, calor, gases combustibles o llamas, permitiendo activar de forma autom\u00e1tica las alarmas audibles [&hellip;]<\/p>\n","protected":false},"author":1,"featured_media":0,"parent":0,"menu_order":0,"comment_status":"closed","ping_status":"closed","template":"page-templates\/home.php","meta":{"footnotes":""},"class_list":["post-235","page","type-page","status-publish","hentry"],"aioseo_notices":[],"_links":{"self":[{"href":"https:\/\/firesolutionsbaja.com\/index.php?rest_route=\/wp\/v2\/pages\/235","targetHints":{"allow":["GET"]}}],"collection":[{"href":"https:\/\/firesolutionsbaja.com\/index.php?rest_route=\/wp\/v2\/pages"}],"about":[{"href":"https:\/\/firesolutionsbaja.com\/index.php?rest_route=\/wp\/v2\/types\/page"}],"author":[{"embeddable":true,"href":"https:\/\/firesolutionsbaja.com\/index.php?rest_route=\/wp\/v2\/users\/1"}],"replies":[{"embeddable":true,"href":"https:\/\/firesolutionsbaja.com\/index.php?rest_route=%2Fwp%2Fv2%2Fcomments&post=235"}],"version-history":[{"count":3,"href":"https:\/\/firesolutionsbaja.com\/index.php?rest_route=\/wp\/v2\/pages\/235\/revisions"}],"predecessor-version":[{"id":2142,"href":"https:\/\/firesolutionsbaja.com\/index.php?rest_route=\/wp\/v2\/pages\/235\/revisions\/2142"}],"wp:attachment":[{"href":"https:\/\/firesolutionsbaja.com\/index.php?rest_route=%2Fwp%2Fv2%2Fmedia&parent=235"}],"curies":[{"name":"wp","href":"https:\/\/api.w.org\/{rel}","templated":true}]}}