{"id":25,"date":"2024-10-13T10:26:59","date_gmt":"2024-10-13T10:26:59","guid":{"rendered":"https:\/\/wpriverthemes.com\/gixus\/?page_id=25"},"modified":"2025-08-26T23:45:17","modified_gmt":"2025-08-26T23:45:17","slug":"home-version-one","status":"publish","type":"page","link":"http:\/\/firesolutionsbaja.com\/","title":{"rendered":"Fire Solutions Baja &#8211; Sistemas Contra Incendios"},"content":{"rendered":"\t\t<div data-elementor-type=\"wp-page\" data-elementor-id=\"25\" class=\"elementor elementor-25\">\n\t\t\t\t<div class=\"elementor-element elementor-element-f1caa7f e-con-full e-flex e-con e-parent\" data-id=\"f1caa7f\" data-element_type=\"container\" data-e-type=\"container\" id=\"home\">\n\t\t\t\t<div class=\"elementor-element elementor-element-8bafed5 elementor-widget elementor-widget-home1_hero\" data-id=\"8bafed5\" data-element_type=\"widget\" data-e-type=\"widget\" data-widget_type=\"home1_hero.default\">\n\t\t\t\t<div class=\"elementor-widget-container\">\n\t\t\t\t\t        <div class=\"banner-style-one-area overflow-hidden bg-gray\">\n            <div class=\"shape-blury\"><\/div>\n            <div class=\"banner-style-one\">\n                <div class=\"container\">\n                    <div class=\"content\">\n                        <div class=\"row align-center\">\n                            <div class=\"col-xl-6 col-lg-7 pr-50 pr-md-15 pr-xs-15\">\n                                <div class=\"information\">\n                                                                        <div class=\"animation-shape\">\n                                        <img decoding=\"async\" src=\"http:\/\/firesolutionsbaja.com\/wp-content\/themes\/gixus\/assets\/img\/shape\/anim-2.png\" alt=\"Image not found\">\n                                    <\/div>\n                                                                        <h4 class=\"wow fadeInUp\" data-wow-duration=\"400ms\">Fire Solutions baja<\/h4>\n                                    <h2 class=\"wow fadeInUp\" data-wow-delay=\"500ms\" data-wow-duration=\"400ms\">Especialistas en\n<strong>Sistemas Contra Incendio<\/strong> <br>y Alarmas de Detecci\u00f3n <\/h2>\n                                    <p class=\"wow fadeInUp\"  data-wow-delay=\"900ms\" data-wow-duration=\"400ms\">Prevenci\u00f3n que salva vidas. Conf\u00eda en los expertos en protecci\u00f3n contra incendios.<\/p>\n                                                                        <div class=\"button mt-40 wow fadeInUp\"  data-wow-delay=\"1200ms\" data-wow-duration=\"400ms\">\n                                        <a class=\"btn btn-md circle btn-gradient animation\" href=\"https:\/\/wpriverthemes.com\/gixus\/contact\">\n                                            Mas Informacion                                        <\/a>\n                                    <\/div>\n                                                                    <\/div>\n                            <\/div>\n\n                            <div class=\"banner-one-thumb col-xl-6 col-lg-5 pl-60 pl-md-15 pl-xs-15\">\n                                <div class=\"thumb\">\n                                                                        <img decoding=\"async\" class=\"wow fadeInUp\" src=\"http:\/\/firesolutionsbaja.com\/wp-content\/uploads\/2025\/08\/10.png\" alt=\"Thumb\">\n                                                                    <div class=\"strategy\">\n                                                                                <div class=\"item wow fadeInLeft\" data-wow-delay=\"800ms\">\n                                            <div class=\"icon\">\n<i class=\"fas fa-chart-pie\"><\/i>                                            <\/div>\n                                            <div class=\"info\">\n                                                <p><strong>95%<\/strong>Prevenci\u00f3n<\/p>\n                                            <\/div>\n                                        <\/div>\n                                                                                                                         <div class=\"item wow fadeInRight\" data-wow-delay=\"500ms\">\n                                            <div class=\"icon\">\n<i class=\"fas fa-rocket\"><\/i>                                            <\/div>\n                                            <div class=\"info\">\n                                                <p><strong>5%<\/strong> destino<\/p>\n                                            <\/div>\n                                        <\/div>\n                                                                            <\/div>\n                                <\/div>\n                            <\/div>\n\n                        <\/div>\n                    <\/div>\n                <\/div>\n            <\/div>\n        <\/div>\n        \t\t\t\t<\/div>\n\t\t\t\t<\/div>\n\t\t\t\t<\/div>\n\t\t<div class=\"elementor-element elementor-element-bb22c19 e-con-full e-flex e-con e-parent\" data-id=\"bb22c19\" data-element_type=\"container\" data-e-type=\"container\">\n\t\t\t\t<div class=\"elementor-element elementor-element-d044600 elementor-widget elementor-widget-home1_features\" data-id=\"d044600\" data-element_type=\"widget\" data-e-type=\"widget\" data-widget_type=\"home1_features.default\">\n\t\t\t\t<div class=\"elementor-widget-container\">\n\t\t\t\t\t        <div class=\"feature-style-one-area\">\n            <div class=\"container container-stage\">\n                <div class=\"feature-style-one-items\">\n                    <div class=\"row\">\n                        <div class=\"col-xl-4 col-lg-5\">\n                            <div class=\"feature-style-one-info\">\n                                <div class=\"fun-fact\">\n                                    <div class=\"counter\">\n                                                                            <div class=\"operator\">\n                                                                                    <\/div>\n                                    <\/div>\n                                <\/div>\n                                <h3>\u00bfQu\u00e9 incluye un sistema contra incendios eficiente?<\/h3>\n                                <ul class=\"list-style-one mt-25\">\n                                    <li>Alarmas de humo, calor y gas<\/li><li>Rociadores autom\u00e1ticos (sprinklers)<\/li><li>Extintores y gabinetes <\/li><li>Hidrantes y redes de agua <\/li><li>Sistemas de supresi\u00f3n con agentes limpios o gases<\/li><li>Se\u00f1alizaci\u00f3n y planes de evacuaci\u00f3n<\/li><li>Mantenimiento preventivo y correctivo<\/li>                                <\/ul>\n                                <div class=\"path\"><\/div>\n                            <\/div>\n                        <\/div>\n                        <div class=\"col-xl-8 col-lg-7 feature-style-one-content text-light\">\n                            <div class=\"feature-style-one-cards\">\n                                <div class=\"path\"><\/div>\n\n                                                                    <!-- Single item -->\n                                     <div class=\"feature-style-one-item wow fadeInRight\" data-wow-delay=\"0ms\">\n                                        <div class=\"icon\">\n                                            <img decoding=\"async\" src=\"https:\/\/wpriverthemes.com\/gixus\/wp-content\/themes\/gixus\/assets\/img\/icon\/1.png\" alt=\"Image Not Found\">\n                                        <\/div>\n                                        <div class=\"info\">\n                                            <h4>1. Prevenci\u00f3n<\/h4>\n                                            <p>Mantenimiento regular.\nControlde de ignici\u00f3n\nAlmacenamiento seguro\nCapacitaci\u00f3n del personal<\/p>\n                                        <\/div>\n                                    <\/div>\n                                    <!-- End Single item -->\n                                                                    <!-- Single item -->\n                                     <div class=\"feature-style-one-item wow fadeInRight\" data-wow-delay=\"200ms\">\n                                        <div class=\"icon\">\n                                            <img decoding=\"async\" src=\"https:\/\/wpriverthemes.com\/gixus\/wp-content\/themes\/gixus\/assets\/img\/icon\/2.png\" alt=\"Image Not Found\">\n                                        <\/div>\n                                        <div class=\"info\">\n                                            <h4>2. Detecci\u00f3n temprana:<\/h4>\n                                            <p>Sistemas de alarma:\nInspecciones regulares:<\/p>\n                                        <\/div>\n                                    <\/div>\n                                    <!-- End Single item -->\n                                                                    <!-- Single item -->\n                                     <div class=\"feature-style-one-item wow fadeInRight\" data-wow-delay=\"400ms\">\n                                        <div class=\"icon\">\n                                            <img decoding=\"async\" src=\"https:\/\/wpriverthemes.com\/gixus\/wp-content\/themes\/gixus\/assets\/img\/icon\/3.png\" alt=\"Image Not Found\">\n                                        <\/div>\n                                        <div class=\"info\">\n                                            <h4>3. Respuesta eficaz:<\/h4>\n                                            <p>Plan de emergencia: ..... \nEquipos de extinci\u00f3n: \nFormaci\u00f3n del personal:\nCoordinaci\u00f3n con bomberos:<\/p>\n                                        <\/div>\n                                    <\/div>\n                                    <!-- End Single item -->\n                                \n                            <\/div>\n                        <\/div>\n                    <\/div>\n                <\/div>\n            <\/div>\n        <\/div>\n        \t\t\t\t<\/div>\n\t\t\t\t<\/div>\n\t\t\t\t<\/div>\n\t\t<div class=\"elementor-element elementor-element-d0944d7 e-con-full e-flex e-con e-parent\" data-id=\"d0944d7\" data-element_type=\"container\" data-e-type=\"container\" id=\"about\">\n\t\t\t\t<div class=\"elementor-element elementor-element-4988352 elementor-widget elementor-widget-home1_about\" data-id=\"4988352\" data-element_type=\"widget\" data-e-type=\"widget\" data-widget_type=\"home1_about.default\">\n\t\t\t\t<div class=\"elementor-widget-container\">\n\t\t\t\t\t                <div class=\"about-style-one-area default-padding-top\">\n                    <div class=\"container\">\n                <div class=\"about-style-one-items\">\n                    <div class=\"row\">\n                        <div class=\"col-xl-7 col-lg-6\">\n                            <div class=\"thumb-style-one\">\n                                <img decoding=\"async\" src=\"http:\/\/firesolutionsbaja.com\/wp-content\/uploads\/2025\/08\/Screenshot_6.png\" alt=\"Image Not Found\">\n\t\t\t\t\t\t\t\t                                <a href=\"https:\/\/www.youtube.com\/watch?v=aTC_RNYtEb0\" class=\"popup-youtube video-play-button\"><i class=\"fas fa-play\"><\/i><\/a>\n\t\t\t\t\t\t\t\t                            <\/div>\n                        <\/div>\n                        <div class=\"col-xl-5 col-lg-6 pl-50 pl-md-15 pl-xs-15\">\n                            <div class=\"about-style-one-info\">\n                                <div class=\"content\">\n                                    <h2 class=\"title split-text\"> Los sistemas contra incendios y las alarmas de detecci\u00f3n <\/h2>\n                                    <p><p>1. Salvan vidas<br \/>2. Protegen las instalaciones y activos<br \/>3. Reducen p\u00e9rdidas econ\u00f3micas<br \/>4. Garantizan la continuidad del negocio<br \/>5. Cumplen con normativas y regulaciones<br \/>6. Mejoran la imagen y confianza<\/p><\/p>\n                                <\/div>\n                                <ul class=\"card-list\">\n                                                                            <li class=\"wow fadeInUp\">\n                                                                                            <img decoding=\"async\" src=\"https:\/\/wpriverthemes.com\/gixus\/wp-content\/themes\/gixus\/assets\/img\/icon\/4.png\" alt=\"Image Not Found\">\n                                            \t\t\t\t\t\t\t\t\t\t\t                                            <h5>Award Winning Company<\/h5>\n                                        <\/li>\n                                                                            <li class=\"wow fadeInUp\">\n                                            \t\t\t\t\t\t\t\t\t\t\t\t\t\t\t\t\t\t\t\t\t\t<h2>3.8 X <\/h2>\n\t\t\t\t\t\t\t\t\t\t\t                                            <h5>Economical Growth<\/h5>\n                                        <\/li>\n                                                                    <\/ul>\n                            <\/div>\n                        <\/div>\n                    <\/div>\n                <\/div>\n            <\/div>\n        <\/div>\n        \t\t\t\t<\/div>\n\t\t\t\t<\/div>\n\t\t\t\t<\/div>\n\t\t<div class=\"elementor-element elementor-element-857c852 e-con-full e-flex e-con e-parent\" data-id=\"857c852\" data-element_type=\"container\" data-e-type=\"container\" id=\"service\">\n\t\t\t\t<div class=\"elementor-element elementor-element-1bfbfa5 elementor-widget elementor-widget-home1_service\" data-id=\"1bfbfa5\" data-element_type=\"widget\" data-e-type=\"widget\" data-widget_type=\"home1_service.default\">\n\t\t\t\t<div class=\"elementor-widget-container\">\n\t\t\t\t\t        <div class=\"services-style-one-area default-padding\" style=\"background: url(http:\/\/firesolutionsbaja.com\/wp-content\/themes\/gixus\/assets\/img\/shape\/12.png);\">\n            <div class=\"container\">\n                <div class=\"row\">\n                    <div class=\"col-xl-6 offset-xl-3 col-lg-8 offset-lg-2\">\n                        <div class=\"site-heading text-center\">\n                            <h4 class=\"sub-title\">NUESTRAS SOLUCIONES<\/h4>\n                            <h2 class=\"title split-text\">Potencie su negocio con nuestros servicios de ingenier\u00eda <\/h2>\n                        <\/div>\n                    <\/div>\n                <\/div>\n            <\/div>\n            <div class=\"container\">\n                <div class=\"row\">\n                    <div class=\"col-lg-12\">\n                        <div class=\"services-style-one-items\">\n                                                            <div class=\"services-style-one-item out  wow fadeInRight\" data-wow-delay=\"0ms\">\n                                    <div class=\"icon\">\n                                        <img decoding=\"async\" src=\"https:\/\/wpriverthemes.com\/gixus\/wp-content\/themes\/gixus\/assets\/img\/icon\/5.png\" alt=\"Image Not Found\">\n                                    <\/div>\n                                    <div class=\"content\">\n                                        <h4><a href=\"https:\/\/wpriverthemes.com\/gixus\/advanced-business-intelligence\/\">Visita y levantamiento de informaci\u00f3n <\/a><\/h4>\n                                        <p>Seeing rather her you not esteem men settle genius excuse. Deal say over you age devonshire Comparison new ham melancholy son themselves instrument out reasonably.<\/p>\n                                    <\/div>\n                                    <div class=\"button\">\n                                        <a class=\"btn\" href=\"https:\/\/wpriverthemes.com\/gixus\/advanced-business-intelligence\/\"><i class=\"fas fa-arrow-right\"><\/i><\/a>\n                                    <\/div>\n                                    <span>01<\/span>\n                                <\/div>\n                                                            <div class=\"services-style-one-item  wow fadeInRight\" data-wow-delay=\"200ms\">\n                                    <div class=\"icon\">\n                                        <img decoding=\"async\" src=\"https:\/\/wpriverthemes.com\/gixus\/wp-content\/themes\/gixus\/assets\/img\/icon\/6.png\" alt=\"Image Not Found\">\n                                    <\/div>\n                                    <div class=\"content\">\n                                        <h4><a href=\"\">Propuesta de Proyecto a la medida de tu empresa<\/a><\/h4>\n                                        <p>Seeing rather her you not esteem men settle genius excuse. Deal say over you age devonshire Comparison new ham melancholy son themselves instrument out reasonably.<\/p>\n                                    <\/div>\n                                    <div class=\"button\">\n                                        <a class=\"btn\" href=\"\"><i class=\"fas fa-arrow-right\"><\/i><\/a>\n                                    <\/div>\n                                    <span>02<\/span>\n                                <\/div>\n                                                            <div class=\"services-style-one-item  wow fadeInRight\" data-wow-delay=\"400ms\">\n                                    <div class=\"icon\">\n                                        <img decoding=\"async\" src=\"https:\/\/wpriverthemes.com\/gixus\/wp-content\/themes\/gixus\/assets\/img\/icon\/7.png\" alt=\"Image Not Found\">\n                                    <\/div>\n                                    <div class=\"content\">\n                                        <h4><a href=\"\">Ejecuci\u00f3n de proyecto con supervision de ingenieria y seguridad industrial<\/a><\/h4>\n                                        <p>Seeing rather her you not esteem men settle genius excuse. Deal say over you age devonshire Comparison new ham melancholy son themselves instrument out reasonably.<\/p>\n                                    <\/div>\n                                    <div class=\"button\">\n                                        <a class=\"btn\" href=\"\"><i class=\"fas fa-arrow-right\"><\/i><\/a>\n                                    <\/div>\n                                    <span>03<\/span>\n                                <\/div>\n                                                    <\/div>\n                    <\/div>\n                <\/div>\n            <\/div>\n        <\/div>\n        \t\t\t\t<\/div>\n\t\t\t\t<\/div>\n\t\t\t\t<\/div>\n\t\t<div class=\"elementor-element elementor-element-6c0b4f1 e-con-full e-flex e-con e-parent\" data-id=\"6c0b4f1\" data-element_type=\"container\" data-e-type=\"container\">\n\t\t\t\t<div class=\"elementor-element elementor-element-630ee7f elementor-widget elementor-widget-home1_testimonial\" data-id=\"630ee7f\" data-element_type=\"widget\" data-e-type=\"widget\" data-widget_type=\"home1_testimonial.default\">\n\t\t\t\t<div class=\"elementor-widget-container\">\n\t\t\t\t\t        <div class=\"testimonial-style-one-area\">\n                        <div class=\"container\">\n                <div class=\"testimonial-style-one-items bg-gray-secondary\">\n                    <div class=\"row align-center\">\n                        <div class=\"col-xl-5 pr-80 pr-md-15 pr-xs-15\">\n                            <div class=\"testimonial-style-one-thumb\">\n                                <img decoding=\"async\" src=\"http:\/\/firesolutionsbaja.com\/wp-content\/uploads\/2024\/10\/v4.jpg\" alt=\"Image Not Found\">\n                                <div class=\"shape\">\n                                    <img decoding=\"async\" src=\"http:\/\/firesolutionsbaja.com\/wp-content\/themes\/gixus\/assets\/img\/shape\/16.png\" alt=\"Image Not Found\">\n                                    <img decoding=\"async\" src=\"http:\/\/firesolutionsbaja.com\/wp-content\/themes\/gixus\/assets\/img\/shape\/17.png\" alt=\"Image Not Found\">\n                                <\/div>\n                            <\/div>\n                        <\/div>\n                        <div class=\"col-xl-7\">\n                            <div class=\"testimonial-style-one-carousel swiper\">\n                                <div class=\"swiper-wrapper\">\n                                                                            <div class=\"swiper-slide\">\n                                            <div class=\"testimonial-style-one\">\n                                                <div class=\"item\">\n                                                    <div class=\"content\">\n                                                        <div class=\"top\">\n                                                            <h2>El Mejor Servicio<\/h2>\n                                                        <\/div>\n                                                        <p>\u201cNuestro compromiso es garantizar seguridad con tecnolog\u00eda confiable, cumplimiento normativo y servicio especializado\u201d<\/p>\n                                                    <\/div>\n                                                    <div class=\"provider\">\n                                                        <div class=\"info\">\n                                                            <h4>Diego J. Ortiz<\/h4>\n                                                            <span>Gerente General<\/span>\n                                                        <\/div>\n                                                    <\/div>\n                                                <\/div>\n                                            <\/div>\n                                        <\/div>\n                                                                            <div class=\"swiper-slide\">\n                                            <div class=\"testimonial-style-one\">\n                                                <div class=\"item\">\n                                                    <div class=\"content\">\n                                                        <div class=\"top\">\n                                                            <h2>Awesome opportunities<\/h2>\n                                                        <\/div>\n                                                        <p>\u201cProtegiendo lo m\u00e1s valioso, con la seguridad que marca la diferencia\u201d<\/p>\n                                                    <\/div>\n                                                    <div class=\"provider\">\n                                                        <div class=\"info\">\n                                                            <h4>Diego J. Ortiz<\/h4>\n                                                            <span>Gerente General<\/span>\n                                                        <\/div>\n                                                    <\/div>\n                                                <\/div>\n                                            <\/div>\n                                        <\/div>\n                                                                    <\/div>\n\n                                <!-- Navigation -->\n                                <div class=\"swiper-nav-left\">\n                                    <div class=\"swiper-button-prev\"><\/div>\n                                    <div class=\"swiper-button-next\"><\/div>\n                                <\/div>\n                            <\/div>\n                        <\/div>\n                    <\/div>\n                <\/div>\n            <\/div>\n        <\/div>\n        \t\t\t\t<\/div>\n\t\t\t\t<\/div>\n\t\t\t\t<\/div>\n\t\t\t\t<\/div>\n\t\t","protected":false},"excerpt":{"rendered":"<p>Fire Solutions baja Especialistas en Sistemas Contra Incendio y Alarmas de Detecci\u00f3n Prevenci\u00f3n que salva vidas. Conf\u00eda en los expertos en protecci\u00f3n contra incendios. Mas Informacion 95%Prevenci\u00f3n 5% destino \u00bfQu\u00e9 incluye un sistema contra incendios eficiente? Alarmas de humo, calor y gas Rociadores autom\u00e1ticos (sprinklers) Extintores y gabinetes Hidrantes y redes de agua Sistemas de [&hellip;]<\/p>\n","protected":false},"author":1,"featured_media":0,"parent":0,"menu_order":0,"comment_status":"closed","ping_status":"closed","template":"page-templates\/home.php","meta":{"footnotes":""},"class_list":["post-25","page","type-page","status-publish","hentry"],"aioseo_notices":[],"_links":{"self":[{"href":"http:\/\/firesolutionsbaja.com\/index.php?rest_route=\/wp\/v2\/pages\/25","targetHints":{"allow":["GET"]}}],"collection":[{"href":"http:\/\/firesolutionsbaja.com\/index.php?rest_route=\/wp\/v2\/pages"}],"about":[{"href":"http:\/\/firesolutionsbaja.com\/index.php?rest_route=\/wp\/v2\/types\/page"}],"author":[{"embeddable":true,"href":"http:\/\/firesolutionsbaja.com\/index.php?rest_route=\/wp\/v2\/users\/1"}],"replies":[{"embeddable":true,"href":"http:\/\/firesolutionsbaja.com\/index.php?rest_route=%2Fwp%2Fv2%2Fcomments&post=25"}],"version-history":[{"count":41,"href":"http:\/\/firesolutionsbaja.com\/index.php?rest_route=\/wp\/v2\/pages\/25\/revisions"}],"predecessor-version":[{"id":2125,"href":"http:\/\/firesolutionsbaja.com\/index.php?rest_route=\/wp\/v2\/pages\/25\/revisions\/2125"}],"wp:attachment":[{"href":"http:\/\/firesolutionsbaja.com\/index.php?rest_route=%2Fwp%2Fv2%2Fmedia&parent=25"}],"curies":[{"name":"wp","href":"https:\/\/api.w.org\/{rel}","templated":true}]}}